{"id":367,"date":"2013-01-30T20:04:58","date_gmt":"2013-01-30T20:04:58","guid":{"rendered":"http:\/\/www.mnkystudio.com\/theme-10\/?page_id=367"},"modified":"2017-01-09T10:49:11","modified_gmt":"2017-01-09T10:49:11","slug":"about-us","status":"publish","type":"page","link":"https:\/\/www.educanthis.com\/index.php\/about-us\/","title":{"rendered":"Sobre n\u00f3s"},"content":{"rendered":"<p>A Educanthis pretende responder \u00e0s necessidades individuais e coletivas na \u00e1rea educacional e profissional.<\/p>\n<p>Nas v\u00e1rias atividades que desenvolvemos oferecemos um conjunto de servi\u00e7os ligados \u00e0 aprendizagem, forma\u00e7\u00e3o, inform\u00e1tica, apoio pedag\u00f3gico e atividades criativas.<\/p>\n<p>Procuramos incutir aos nossos alunos um elevado sentido de responsabilidade e exig\u00eancia de forma a superarem as dificuldades de aprendizagem, potenciar as compet\u00eancias, oferecemos um conjunto de op\u00e7\u00f5es adequadas atrav\u00e9s de um atendimento personalizado e especializado a cada caso.<\/p>\n<p>&nbsp;<\/p>\n<div class=\"column column-1-3 column-last\"><\/div><div class=\"clear\"><\/div>\n<div class=\"service-box\"><i style=\"font-size:30px; color:;\" class=\"moon-pie-6\"><\/i><div class=\"service-content\" style=\"margin-left:55px;\"><h5>Equipa de Trabalho<\/h5><\/div><\/div>\n<p>Os nossos profissionais possuem elevados n\u00edveis de motiva\u00e7\u00e3o, compet\u00eancias e profissionalismo e s\u00e3o recrutados atrav\u00e9s de um rigoroso processo de sele\u00e7\u00e3o. Todos os professores possuem forma\u00e7\u00e3o profissionalizada e possuem experi\u00eancia comprovada nos diferentes tipos de ensino.<\/p>\n<p>&nbsp;<\/p>\n<div class=\"column column-1-3 column-last\"><\/div><div class=\"clear\"><\/div>\n<div class=\"service-box\"><i style=\"font-size:30px; color:;\" class=\"moon-screen-3\"><\/i><div class=\"service-content\" style=\"margin-left:55px;\"><h5>Objetivos<\/h5><\/div><\/div>\n<p>Os nossos objetivos consistem na prepara\u00e7\u00e3o dos alunos nas mais diversas \u00e1reas, fazendo um acompanhamento educacional e\/ou de forma\u00e7\u00e3o a n\u00edvel da organiza\u00e7\u00e3o, da metodologia de estudo e motiva\u00e7\u00e3o, de forma a maximizarem o desempenho, superando as dificuldades de aprendizagem e a se prepararem para um mundo competitivo.<\/p>\n<p>&nbsp;<\/p>\n","protected":false},"excerpt":{"rendered":"<p>A Educanthis pretende responder \u00e0s necessidades individuais e coletivas na \u00e1rea educacional e profissional. Nas v\u00e1rias atividades que desenvolvemos oferecemos um conjunto de servi\u00e7os ligados \u00e0 aprendizagem, forma\u00e7\u00e3o, inform\u00e1tica, apoio pedag\u00f3gico e atividades criativas. Procuramos incutir aos nossos alunos um elevado sentido de responsabilidade e exig\u00eancia de forma a superarem as dificuldades de aprendizagem, potenciar [&hellip;]<\/p>\n","protected":false},"author":2,"featured_media":0,"parent":0,"menu_order":0,"comment_status":"open","ping_status":"open","template":"","meta":{"footnotes":""},"class_list":["post-367","page","type-page","status-publish","hentry"],"jetpack_sharing_enabled":true,"_links":{"self":[{"href":"https:\/\/www.educanthis.com\/index.php\/wp-json\/wp\/v2\/pages\/367","targetHints":{"allow":["GET"]}}],"collection":[{"href":"https:\/\/www.educanthis.com\/index.php\/wp-json\/wp\/v2\/pages"}],"about":[{"href":"https:\/\/www.educanthis.com\/index.php\/wp-json\/wp\/v2\/types\/page"}],"author":[{"embeddable":true,"href":"https:\/\/www.educanthis.com\/index.php\/wp-json\/wp\/v2\/users\/2"}],"replies":[{"embeddable":true,"href":"https:\/\/www.educanthis.com\/index.php\/wp-json\/wp\/v2\/comments?post=367"}],"version-history":[{"count":12,"href":"https:\/\/www.educanthis.com\/index.php\/wp-json\/wp\/v2\/pages\/367\/revisions"}],"predecessor-version":[{"id":3474,"href":"https:\/\/www.educanthis.com\/index.php\/wp-json\/wp\/v2\/pages\/367\/revisions\/3474"}],"wp:attachment":[{"href":"https:\/\/www.educanthis.com\/index.php\/wp-json\/wp\/v2\/media?parent=367"}],"curies":[{"name":"wp","href":"https:\/\/api.w.org\/{rel}","templated":true}]}}