{"id":23,"date":"2012-12-11T16:47:26","date_gmt":"2012-12-11T16:47:26","guid":{"rendered":"http:\/\/www.mnkystudio.com\/theme-10\/?page_id=2"},"modified":"2018-09-01T14:26:12","modified_gmt":"2018-09-01T14:26:12","slug":"home","status":"publish","type":"page","link":"https:\/\/www.educanthis.com\/","title":{"rendered":"In\u00edcio"},"content":{"rendered":"<h2 style=\"text-align: center; font-weight: lighter;\">\u00a0\u00a0\u00a0Ensinar a Ser, Ensinar a Fazer.<\/h2>\n<p class=\"jetpack-slideshow-noscript robots-nocontent\">This slideshow requires JavaScript.<\/p><div id=\"gallery-23-1-slideshow\" class=\"jetpack-slideshow-window jetpack-slideshow jetpack-slideshow-black\" data-trans=\"fade\" data-autostart=\"1\" data-gallery=\"[{&quot;src&quot;:&quot;https:\\\/\\\/i0.wp.com\\\/www.educanthis.com\\\/wp-content\\\/uploads\\\/2012\\\/12\\\/IMG_20171005_091621_986.jpg?fit=940%2C705\\u0026ssl=1&quot;,&quot;id&quot;:&quot;3724&quot;,&quot;title&quot;:&quot;IMG_20171005_091621_986&quot;,&quot;alt&quot;:&quot;&quot;,&quot;caption&quot;:&quot;&quot;,&quot;itemprop&quot;:&quot;image&quot;},{&quot;src&quot;:&quot;https:\\\/\\\/i0.wp.com\\\/www.educanthis.com\\\/wp-content\\\/uploads\\\/2012\\\/12\\\/IMG_20171005_091657_213.jpg?fit=940%2C705\\u0026ssl=1&quot;,&quot;id&quot;:&quot;3725&quot;,&quot;title&quot;:&quot;IMG_20171005_091657_213&quot;,&quot;alt&quot;:&quot;&quot;,&quot;caption&quot;:&quot;servi\\u00e7os&quot;,&quot;itemprop&quot;:&quot;image&quot;},{&quot;src&quot;:&quot;https:\\\/\\\/i0.wp.com\\\/www.educanthis.com\\\/wp-content\\\/uploads\\\/2012\\\/12\\\/IMG_20171005_092450_178.jpg?fit=768%2C1024\\u0026ssl=1&quot;,&quot;id&quot;:&quot;3726&quot;,&quot;title&quot;:&quot;IMG_20171005_092450_178&quot;,&quot;alt&quot;:&quot;&quot;,&quot;caption&quot;:&quot;educanthis&quot;,&quot;itemprop&quot;:&quot;image&quot;},{&quot;src&quot;:&quot;https:\\\/\\\/i0.wp.com\\\/www.educanthis.com\\\/wp-content\\\/uploads\\\/2018\\\/09\\\/IMG_20180831_113847_919.jpg?fit=940%2C705\\u0026ssl=1&quot;,&quot;id&quot;:&quot;3777&quot;,&quot;title&quot;:&quot;IMG_20180831_113847_919&quot;,&quot;alt&quot;:&quot;&quot;,&quot;caption&quot;:&quot;Rece\\u00e7\\u00e3o&quot;,&quot;itemprop&quot;:&quot;image&quot;},{&quot;src&quot;:&quot;https:\\\/\\\/i0.wp.com\\\/www.educanthis.com\\\/wp-content\\\/uploads\\\/2018\\\/09\\\/IMG_20180831_113520_324.jpg?fit=940%2C705\\u0026ssl=1&quot;,&quot;id&quot;:&quot;3776&quot;,&quot;title&quot;:&quot;IMG_20180831_113520_324&quot;,&quot;alt&quot;:&quot;&quot;,&quot;caption&quot;:&quot;&quot;,&quot;itemprop&quot;:&quot;image&quot;},{&quot;src&quot;:&quot;https:\\\/\\\/i0.wp.com\\\/www.educanthis.com\\\/wp-content\\\/uploads\\\/2012\\\/12\\\/IMG_20161129_111643.jpg?fit=940%2C705\\u0026ssl=1&quot;,&quot;id&quot;:&quot;3430&quot;,&quot;title&quot;:&quot;IMG_20161129_111643&quot;,&quot;alt&quot;:&quot;&quot;,&quot;caption&quot;:&quot;Sala&quot;,&quot;itemprop&quot;:&quot;image&quot;},{&quot;src&quot;:&quot;https:\\\/\\\/i0.wp.com\\\/www.educanthis.com\\\/wp-content\\\/uploads\\\/2012\\\/12\\\/IMG_20161129_111620.jpg?fit=940%2C705\\u0026ssl=1&quot;,&quot;id&quot;:&quot;3429&quot;,&quot;title&quot;:&quot;IMG_20161129_111620&quot;,&quot;alt&quot;:&quot;&quot;,&quot;caption&quot;:&quot;Sala&quot;,&quot;itemprop&quot;:&quot;image&quot;},{&quot;src&quot;:&quot;https:\\\/\\\/i0.wp.com\\\/www.educanthis.com\\\/wp-content\\\/uploads\\\/2018\\\/09\\\/IMG_20180831_113252_851.jpg?fit=940%2C705\\u0026ssl=1&quot;,&quot;id&quot;:&quot;3772&quot;,&quot;title&quot;:&quot;IMG_20180831_113252_851&quot;,&quot;alt&quot;:&quot;&quot;,&quot;caption&quot;:&quot;Sala&quot;,&quot;itemprop&quot;:&quot;image&quot;},{&quot;src&quot;:&quot;https:\\\/\\\/i0.wp.com\\\/www.educanthis.com\\\/wp-content\\\/uploads\\\/2018\\\/09\\\/IMG_20180831_113352_453.jpg?fit=940%2C705\\u0026ssl=1&quot;,&quot;id&quot;:&quot;3773&quot;,&quot;title&quot;:&quot;IMG_20180831_113352_453&quot;,&quot;alt&quot;:&quot;&quot;,&quot;caption&quot;:&quot;Sala&quot;,&quot;itemprop&quot;:&quot;image&quot;},{&quot;src&quot;:&quot;https:\\\/\\\/i0.wp.com\\\/www.educanthis.com\\\/wp-content\\\/uploads\\\/2018\\\/09\\\/IMG_20180831_113456_229.jpg?fit=940%2C705\\u0026ssl=1&quot;,&quot;id&quot;:&quot;3774&quot;,&quot;title&quot;:&quot;IMG_20180831_113456_229&quot;,&quot;alt&quot;:&quot;&quot;,&quot;caption&quot;:&quot;Sala&quot;,&quot;itemprop&quot;:&quot;image&quot;},{&quot;src&quot;:&quot;https:\\\/\\\/i0.wp.com\\\/www.educanthis.com\\\/wp-content\\\/uploads\\\/2018\\\/09\\\/IMG_20180831_113509_015.jpg?fit=768%2C1024\\u0026ssl=1&quot;,&quot;id&quot;:&quot;3775&quot;,&quot;title&quot;:&quot;IMG_20180831_113509_015&quot;,&quot;alt&quot;:&quot;&quot;,&quot;caption&quot;:&quot;Sala&quot;,&quot;itemprop&quot;:&quot;image&quot;},{&quot;src&quot;:&quot;https:\\\/\\\/i0.wp.com\\\/www.educanthis.com\\\/wp-content\\\/uploads\\\/2012\\\/12\\\/IMG_20161128_091522.jpg?fit=940%2C705\\u0026ssl=1&quot;,&quot;id&quot;:&quot;3428&quot;,&quot;title&quot;:&quot;IMG_20161128_091522&quot;,&quot;alt&quot;:&quot;&quot;,&quot;caption&quot;:&quot;Sala&quot;,&quot;itemprop&quot;:&quot;image&quot;},{&quot;src&quot;:&quot;https:\\\/\\\/i0.wp.com\\\/www.educanthis.com\\\/wp-content\\\/uploads\\\/2012\\\/12\\\/IMG_20161128_091230.jpg?fit=940%2C705\\u0026ssl=1&quot;,&quot;id&quot;:&quot;3427&quot;,&quot;title&quot;:&quot;IMG_20161128_091230&quot;,&quot;alt&quot;:&quot;&quot;,&quot;caption&quot;:&quot;Sala&quot;,&quot;itemprop&quot;:&quot;image&quot;},{&quot;src&quot;:&quot;https:\\\/\\\/i0.wp.com\\\/www.educanthis.com\\\/wp-content\\\/uploads\\\/2018\\\/09\\\/IMG_20180831_113905_351.jpg?fit=940%2C705\\u0026ssl=1&quot;,&quot;id&quot;:&quot;3778&quot;,&quot;title&quot;:&quot;IMG_20180831_113905_351&quot;,&quot;alt&quot;:&quot;&quot;,&quot;caption&quot;:&quot;Sala&quot;,&quot;itemprop&quot;:&quot;image&quot;},{&quot;src&quot;:&quot;https:\\\/\\\/i0.wp.com\\\/www.educanthis.com\\\/wp-content\\\/uploads\\\/2018\\\/09\\\/IMG_20180831_114025_370.jpg?fit=940%2C705\\u0026ssl=1&quot;,&quot;id&quot;:&quot;3779&quot;,&quot;title&quot;:&quot;IMG_20180831_114025_370&quot;,&quot;alt&quot;:&quot;&quot;,&quot;caption&quot;:&quot;&quot;,&quot;itemprop&quot;:&quot;image&quot;},{&quot;src&quot;:&quot;https:\\\/\\\/i0.wp.com\\\/www.educanthis.com\\\/wp-content\\\/uploads\\\/2012\\\/12\\\/IMG_20170905_110056.jpg?fit=940%2C705\\u0026ssl=1&quot;,&quot;id&quot;:&quot;3722&quot;,&quot;title&quot;:&quot;IMG_20170905_110056&quot;,&quot;alt&quot;:&quot;&quot;,&quot;caption&quot;:&quot;&quot;,&quot;itemprop&quot;:&quot;image&quot;}]\" itemscope itemtype=\"https:\/\/schema.org\/ImageGallery\"><\/div>\n<h4 style=\"text-align: center;\"><strong>Visite-nos de <\/strong> Segunda a sexta entre as 9h00 e 19h00 e S\u00e1bados das 9h00 \u00e0s 13h00<\/h4>\n<div class=\"divider\" style=\"border-color:#E7E7E7;\"><\/div>\n<div class=\"spacer\" style=\"height:10px\"><\/div>\n<div class=\"column column-1-2\">\n<div class=\"service-box\"><i style=\"font-size:32px; color:;\" class=\"moon-screen-3\"><\/i><div class=\"service-content\" style=\"margin-left:57px;\"><h5>Servi\u00e7os<\/h5>\n<ul>\n<li>Explica\u00e7\u00f5es (individuais e em grupo)<\/li>\n<li>Estudo Acompanhado<\/li>\n<li>Prepara\u00e7\u00e3o para Exames<\/li>\n<li>Educa\u00e7\u00e3o Especial<\/li>\n<li>Terapia da Fala<\/li>\n<li>Orienta\u00e7\u00e3o Vocacional<\/li>\n<\/ul>\n<\/div><\/div>\n<div class=\"spacer\" style=\"height:10px\"><\/div>\n<div class=\"service-box\"><i style=\"font-size:32px; color:;\" class=\"moon-vector\"><\/i><div class=\"service-content\" style=\"margin-left:57px;\"><h5>M\u00e9todo<\/h5>\n<p>Motiva\u00e7\u00e3o, confian\u00e7a, partilha e personaliza\u00e7\u00e3o.<\/p>\n<\/div><\/div>\n<div class=\"spacer\" style=\"height:10px\"><\/div>\n<div class=\"service-box\"><i style=\"font-size:32px; color:;\" class=\"moon-marker-2\"><\/i><div class=\"service-content\" style=\"margin-left:57px;\"><h5>Destinat\u00e1rios<\/h5>Temos servi\u00e7os para todas as idades, desde o ensino b\u00e1sico ao Universit\u00e1rio. Para mais detalhes entre em contacto connosco.<br \/>\n<\/div><\/div>\n<\/div>\n<div class=\"column column-1-2 column-last\">\n<div class=\"service-box\"><i style=\"font-size:32px; color:;\" class=\"moon-stack-3\"><\/i><div class=\"service-content\" style=\"margin-left:57px;\"><h5>Outros servi\u00e7os<\/h5>\n<ul>\n<li>Cursos de L\u00ednguas<\/li>\n<li>Workshops<\/li>\n<li><em>Coaching<\/em><\/li>\n<li>Tradu\u00e7\u00f5es<\/li>\n<li>Acompanhamento Psicopedag\u00f3gico<\/li>\n<\/ul>\n<\/div><\/div>\n<div class=\"spacer\" style=\"height:10px\"><\/div>\n<div class=\"service-box\"><i style=\"font-size:32px; color:;\" class=\"moon-cube4\"><\/i><div class=\"service-content\" style=\"margin-left:57px;\"><h5>Objetivos<\/h5> Prepara\u00e7\u00e3o dos alunos nas mais diversas \u00e1reas, atrav\u00e9s de acompanhamento a n\u00edvel de organiza\u00e7\u00e3o, metodologia de estudo e motiva\u00e7\u00e3o.<\/p>\n<\/div><\/div>\n<div class=\"spacer\" style=\"height:10px\"><\/div>\n<div class=\"service-box\"><i style=\"font-size:32px; color:;\" class=\"moon-bubbles-3\"><\/i><div class=\"service-content\" style=\"margin-left:57px;\"><h5>Equipa<\/h5>Profissionais com elevados n\u00edveis de motiva\u00e7\u00e3o, compet\u00eancias e profissionalismo.<\/p>\n<\/div><\/div>\n<\/div><div class=\"clear\"><\/div>\n<div class=\"divider\" style=\"border-color:#E7E7E7;\"><\/div>\n<div class=\"spacer\" style=\"height:10px\"><\/div>\n<div class=\"big-testimonial-wrapper\"><div class=\"big-testimonial-image\"><img decoding=\"async\" src=\"\" alt=\"\" \/><\/div><div class=\"big-testimonial-content\">&#8220;Ensinar n\u00e3o \u00e9 transferir conhecimento, mas criar as possibilidades para a sua produ\u00e7\u00e3o ou a sua constru\u00e7\u00e3o. Quem ensina aprende ao ensinar e quem aprende ensina ao aprender.&#8221;<span>Paulo Freire<\/span><\/div><div class=\"clear\"><\/div><\/div>\n<div class=\"spacer\" style=\"height:10px\"><\/div>\n<div class=\"column column-1-4 column-last\"><i class=\"moon-folder8 pull-right\" style=\"color: #ffffff; font-size: 110px; line-height: 1;\"><\/i><\/div><div class=\"clear\"><\/div>\n","protected":false},"excerpt":{"rendered":"<p>\u00a0\u00a0\u00a0Ensinar a Ser, Ensinar a Fazer. Visite-nos de Segunda a sexta entre as 9h00 e 19h00 e S\u00e1bados das 9h00 \u00e0s 13h00<\/p>\n","protected":false},"author":2,"featured_media":0,"parent":0,"menu_order":0,"comment_status":"open","ping_status":"open","template":"","meta":{"footnotes":""},"class_list":["post-23","page","type-page","status-publish","hentry"],"jetpack_sharing_enabled":true,"_links":{"self":[{"href":"https:\/\/www.educanthis.com\/index.php\/wp-json\/wp\/v2\/pages\/23","targetHints":{"allow":["GET"]}}],"collection":[{"href":"https:\/\/www.educanthis.com\/index.php\/wp-json\/wp\/v2\/pages"}],"about":[{"href":"https:\/\/www.educanthis.com\/index.php\/wp-json\/wp\/v2\/types\/page"}],"author":[{"embeddable":true,"href":"https:\/\/www.educanthis.com\/index.php\/wp-json\/wp\/v2\/users\/2"}],"replies":[{"embeddable":true,"href":"https:\/\/www.educanthis.com\/index.php\/wp-json\/wp\/v2\/comments?post=23"}],"version-history":[{"count":73,"href":"https:\/\/www.educanthis.com\/index.php\/wp-json\/wp\/v2\/pages\/23\/revisions"}],"predecessor-version":[{"id":3781,"href":"https:\/\/www.educanthis.com\/index.php\/wp-json\/wp\/v2\/pages\/23\/revisions\/3781"}],"wp:attachment":[{"href":"https:\/\/www.educanthis.com\/index.php\/wp-json\/wp\/v2\/media?parent=23"}],"curies":[{"name":"wp","href":"https:\/\/api.w.org\/{rel}","templated":true}]}}