{"id":1661,"date":"2013-03-23T19:38:33","date_gmt":"2013-03-23T19:38:33","guid":{"rendered":"http:\/\/www.mnkystudio.com\/theme-10\/?page_id=1661"},"modified":"2017-01-09T10:02:31","modified_gmt":"2017-01-09T10:02:31","slug":"faq","status":"publish","type":"page","link":"https:\/\/www.educanthis.com\/index.php\/faq\/","title":{"rendered":"FAQ"},"content":{"rendered":"<h2 style=\"font-weight: lighter; text-align: center;\"><strong>FAQ&#8217;s<\/strong>\u00a0A resposta \u00e1s suas quest\u00f5es<span style=\"color: #727272;\">.<\/span><\/h2>\n<div class=\"spacer\" style=\"height:25px\"><\/div>\n<strong>Nesta p\u00e1gina pode encontrar a resposta a algumas das perguntas mais frequentes. Se n\u00e3o encontrar resposta \u00e0 sua quest\u00e3o entre em contato connosco.<\/strong><br \/>\n<div class=\"spacer\" style=\"height:20px\"><\/div>\n<div class=\"heading-wrapper\"><h6><span class=\"heading-line-left\"><\/span><strong><\/strong><span class=\"heading-line-right\"><\/span><\/h6><\/div>\n<div class=\"column column-1-2\">\n<div class=\"su-spoiler su-spoiler-style-1 su-spoiler-open\"><div class=\"su-spoiler-title\"><i class=\"moon-arrow-right-2 spoiler-button\"><\/i><i class=\"moon-arrow-down spoiler-button spoiler-active\"><\/i>Procuro explica\u00e7\u00f5es em grupo mas n\u00e3o conhe\u00e7o ningu\u00e9m para formar o grupo. \u00c9 poss\u00edvel?<\/div><div class=\"su-spoiler-content\" style=\"display:block\">O aluno poder\u00e1 ser integrado em grupos de explica\u00e7\u00f5es sempre que existam mais alunos nas mesmas condi\u00e7\u00f5es. <\/div><\/div>\n<div class=\"su-spoiler su-spoiler-style-1\"><div class=\"su-spoiler-title\"><i class=\"moon-arrow-right-2 spoiler-button\"><\/i><i class=\"moon-arrow-down spoiler-button spoiler-active\"><\/i>Qual a diferen\u00e7a de explica\u00e7\u00f5es individuais e as de grupo?<\/div><div class=\"su-spoiler-content\">Nas explica\u00e7\u00f5es individuais o aluno encontra-se s\u00f3zinho com o professor e trabalhar\u00e1 individualmente. As explica\u00e7\u00f5es em grupo consistem num grupo de 3 a 4 alunos com carater\u00edsticas semelhantes que estar\u00e3o com um professor e o trabalho \u00e9 desenvolvido em fun\u00e7\u00e3o do grupo como um todo.\u00a0<\/div><\/div>\n<div class=\"su-spoiler su-spoiler-style-1\"><div class=\"su-spoiler-title\"><i class=\"moon-arrow-right-2 spoiler-button\"><\/i><i class=\"moon-arrow-down spoiler-button spoiler-active\"><\/i>Mesmo sem ter aproveitamento negativo faz sentido ter explica\u00e7\u00f5es?<\/div><div class=\"su-spoiler-content\">As explica\u00e7\u00f5es n\u00e3o s\u00e3o s\u00f3 para os alunos com dificuldades ou notas menos boas. Ao ter explica\u00e7\u00f5es, os alunos compreendem melhor e mais rapidamente as mat\u00e9rias, associando as liga\u00e7\u00f5es e pormenores dos conte\u00fadose esclarecendo as d\u00favidas. Para al\u00e9m disso, o aluno aprender\u00e1 a seguir um m\u00e9todo de estudo estruturado e acompanhado. \u00a0<\/div><\/div>\n<div class=\"su-spoiler su-spoiler-style-1\"><div class=\"su-spoiler-title\"><i class=\"moon-arrow-right-2 spoiler-button\"><\/i><i class=\"moon-arrow-down spoiler-button spoiler-active\"><\/i>Como posso saber se a Educanthis tem as disciplinas que eu procuro?<\/div><div class=\"su-spoiler-content\"> A Educanthis tem profissionais das mais diversas \u00e1reas e disciplinas. Se n\u00e3o encontra o que procura entre em contato connosco. \u00a0<\/div><\/div>\n<div class=\"su-spoiler su-spoiler-style-1\"><div class=\"su-spoiler-title\"><i class=\"moon-arrow-right-2 spoiler-button\"><\/i><i class=\"moon-arrow-down spoiler-button spoiler-active\"><\/i>Vou realmente ter melhores resultados?<\/div><div class=\"su-spoiler-content\">Os resultados dependem dos alunos. Os professores da Educanthis ajudam a encontrar as melhores metodologias de estudo e a entender a mat\u00e9ria tornando-a mais acess\u00edvel. \u00a0<\/div><\/div>\n<div class=\"su-spoiler su-spoiler-style-1\"><div class=\"su-spoiler-title\"><i class=\"moon-arrow-right-2 spoiler-button\"><\/i><i class=\"moon-arrow-down spoiler-button spoiler-active\"><\/i>No que a Educanthis \u00e9 diferente?<\/div><div class=\"su-spoiler-content\">Temos um ambiente familiar fant\u00e1stico, professores especializados nas suas \u00e1reas e umas instala\u00e7\u00f5es acolhedoras. Os nossos servi\u00e7os s\u00e3o personalizados tendo em conta as capacidades e carater\u00edsticas de cada aluno. Os professores s\u00e3o escolhidos consoante essas mesmas variantes. \u00a0<\/div><\/div>\n<div class=\"su-spoiler su-spoiler-style-1\"><div class=\"su-spoiler-title\"><i class=\"moon-arrow-right-2 spoiler-button\"><\/i><i class=\"moon-arrow-down spoiler-button spoiler-active\"><\/i>N\u00e3o me identifico com o explicador. Posso trocar?<\/div><div class=\"su-spoiler-content\">A nossa preocupa\u00e7\u00e3o \u00e9 a aprendizagem do aluno. Nem sempre o aluno se identifica com o professor selecionado. Se isso acontecer, tentaremos arranjar uma solu\u00e7\u00e3o.<\/div><\/div>\n<\/div>\n<div class=\"column column-1-2 column-last\">\n<div class=\"su-accordion\">\n<div class=\"su-spoiler su-spoiler-style-1 su-spoiler-open\"><div class=\"su-spoiler-title\"><i class=\"moon-arrow-right-2 spoiler-button\"><\/i><i class=\"moon-arrow-down spoiler-button spoiler-active\"><\/i>Os encarregados de educa\u00e7\u00e3o t\u00eam reuni\u00f5es com os professores?<\/div><div class=\"su-spoiler-content\" style=\"display:block\"> Para a Educanthis, as rela\u00e7\u00f5es interpessoais s\u00e3o importantes. Os encarregados de educa\u00e7\u00e3o podem reunir com os professores sempre que desejarem e o Centro pode solicitar essas reuni\u00f5es sempre que for considerado necess\u00e1rio. <\/div><\/div>\n<div class=\"su-spoiler su-spoiler-style-1\"><div class=\"su-spoiler-title\"><i class=\"moon-arrow-right-2 spoiler-button\"><\/i><i class=\"moon-arrow-down spoiler-button spoiler-active\"><\/i>\u00c9 poss\u00edvel ter explica\u00e7\u00f5es fora do hor\u00e1rio de atendimento?<\/div><div class=\"su-spoiler-content\">O hor\u00e1rio de atendimento n\u00e3o \u00e9 limitativo. Entre em contato connosco para arranjarmos um professor para o hor\u00e1rio pretendido e sem custos acrescidos.<\/div><\/div>\n<div class=\"su-spoiler su-spoiler-style-1\"><div class=\"su-spoiler-title\"><i class=\"moon-arrow-right-2 spoiler-button\"><\/i><i class=\"moon-arrow-down spoiler-button spoiler-active\"><\/i>\u00c9 poss\u00edvel ter explica\u00e7\u00f5es em casa?<\/div><div class=\"su-spoiler-content\">Sim, \u00e9 poss\u00edvel. A Educanthis disp\u00f5e de professores para explica\u00e7\u00f5es ao domic\u00edlio. <\/div><\/div>\n<\/div>\n<\/div><div class=\"clear\"><\/div>\n<p>&nbsp;<\/p>\n","protected":false},"excerpt":{"rendered":"<p>FAQ&#8217;s\u00a0A resposta \u00e1s suas quest\u00f5es. Nesta p\u00e1gina pode encontrar a resposta a algumas das perguntas mais frequentes. Se n\u00e3o encontrar resposta \u00e0 sua quest\u00e3o entre em contato connosco. &nbsp;<\/p>\n","protected":false},"author":2,"featured_media":0,"parent":0,"menu_order":0,"comment_status":"open","ping_status":"open","template":"","meta":{"footnotes":""},"class_list":["post-1661","page","type-page","status-publish","hentry"],"jetpack_sharing_enabled":true,"_links":{"self":[{"href":"https:\/\/www.educanthis.com\/index.php\/wp-json\/wp\/v2\/pages\/1661","targetHints":{"allow":["GET"]}}],"collection":[{"href":"https:\/\/www.educanthis.com\/index.php\/wp-json\/wp\/v2\/pages"}],"about":[{"href":"https:\/\/www.educanthis.com\/index.php\/wp-json\/wp\/v2\/types\/page"}],"author":[{"embeddable":true,"href":"https:\/\/www.educanthis.com\/index.php\/wp-json\/wp\/v2\/users\/2"}],"replies":[{"embeddable":true,"href":"https:\/\/www.educanthis.com\/index.php\/wp-json\/wp\/v2\/comments?post=1661"}],"version-history":[{"count":12,"href":"https:\/\/www.educanthis.com\/index.php\/wp-json\/wp\/v2\/pages\/1661\/revisions"}],"predecessor-version":[{"id":3455,"href":"https:\/\/www.educanthis.com\/index.php\/wp-json\/wp\/v2\/pages\/1661\/revisions\/3455"}],"wp:attachment":[{"href":"https:\/\/www.educanthis.com\/index.php\/wp-json\/wp\/v2\/media?parent=1661"}],"curies":[{"name":"wp","href":"https:\/\/api.w.org\/{rel}","templated":true}]}}